{"id":6,"date":"2025-04-27T14:53:00","date_gmt":"2025-04-27T14:53:00","guid":{"rendered":"https:\/\/zoodietetyczka.vh10675.vh.net.pl\/?page_id=6"},"modified":"2025-06-24T13:29:21","modified_gmt":"2025-06-24T13:29:21","slug":"strona-glowna","status":"publish","type":"page","link":"https:\/\/zoodietetyczka.vh10675.vh.net.pl\/","title":{"rendered":"Strona g\u0142\u00f3wna"},"content":{"rendered":"\n<div class=\"wp-block-stackable-columns alignfull stk-block-columns stk-block stk-4830b9c stk-block-background\" data-block-id=\"4830b9c\"><style>.stk-4830b9c {background-color:#f6f6f6 !important;padding-top:80px !important;padding-bottom:80px !important;margin-bottom:23px !important;}.stk-4830b9c:before{background-color:#f6f6f6 !important;}.stk-4830b9c-column{--stk-column-gap:64px !important;}<\/style><div class=\"stk-row stk-inner-blocks stk-block-content stk-content-align stk-4830b9c-column alignwide\">\n<div class=\"wp-block-stackable-column stk-block-column stk-column stk-block stk-63dc570\" data-v=\"4\" data-block-id=\"63dc570\"><style>.stk-63dc570 {align-self:center !important;}<\/style><div class=\"stk-column-wrapper stk-block-column__content stk-container stk-63dc570-container stk--no-background stk--no-padding\"><div class=\"stk-block-content stk-inner-blocks stk-63dc570-inner-blocks\">\n<div class=\"wp-block-stackable-subtitle stk-block-subtitle stk-block stk-7ae7225\" data-block-id=\"7ae7225\"><style>.stk-7ae7225 {margin-bottom:8px !important;}.stk-7ae7225 .stk-block-subtitle__text{font-size:16px !important;color:#ed5521 !important;font-weight:bold !important;text-transform:uppercase !important;font-family:\"Inter\", Sans-serif !important;letter-spacing:1px !important;}@media screen and (max-width:999px){.stk-7ae7225 .stk-block-subtitle__text{font-size:16px !important;}}<\/style><p class=\"stk-block-subtitle__text stk-subtitle has-text-color\">#1 BEST SELLER<\/p><\/div>\n\n\n\n<div class=\"wp-block-stackable-heading stk-block-heading stk-block-heading--v2 stk-block stk-96afb49\" id=\"wywiad-dietetyczny\" data-block-id=\"96afb49\"><style>.stk-96afb49 .stk-block-heading__text{font-size:56px !important;color:#1a1a1a !important;font-weight:800 !important;font-family:\"Raleway\", Sans-serif !important;}@media screen and (max-width:999px){.stk-96afb49 .stk-block-heading__text{font-size:50px !important;}}<\/style><h2 class=\"stk-block-heading__text has-text-color\">Wywiad dietetyczny<\/h2><\/div>\n\n\n\n<div class=\"wp-block-stackable-divider stk-block-divider stk-block stk-bac9aca\" data-block-id=\"bac9aca\"><style>.stk-bac9aca hr.stk-block-divider__hr{background:#b9b9b9 !important;width:100% !important;}.stk-bac9aca {margin-top:24px !important;margin-bottom:0px !important;}<\/style><hr class=\"stk-block-divider__hr\"\/><\/div>\n\n\n\n<div class=\"wp-block-stackable-columns stk-block-columns stk-block stk-454425b\" data-block-id=\"454425b\"><style>.stk-454425b {margin-bottom:0px !important;}<\/style><div class=\"stk-row stk-inner-blocks stk-block-content stk-content-align stk-454425b-column\">\n<div class=\"wp-block-stackable-column stk-block-column stk-column stk-block stk-96ae8e9\" data-v=\"4\" data-block-id=\"96ae8e9\"><div class=\"stk-column-wrapper stk-block-column__content stk-container stk-96ae8e9-container stk--no-background stk--no-padding\"><div class=\"stk-block-content stk-inner-blocks stk-96ae8e9-inner-blocks\">\n<div class=\"wp-block-stackable-subtitle stk-block-subtitle stk-block stk-92cc269\" data-block-id=\"92cc269\"><style>.stk-92cc269 {margin-bottom:0px !important;}.stk-92cc269 .stk-block-subtitle__text{font-size:16px !important;color:#919191 !important;font-family:\"Inter\", Sans-serif !important;}@media screen and (max-width:999px){.stk-92cc269 .stk-block-subtitle__text{font-size:16px !important;}}<\/style><p class=\"stk-block-subtitle__text stk-subtitle has-text-color\">Zwierz\u0119ta<\/p><\/div>\n\n\n\n<div class=\"wp-block-stackable-heading stk-block-heading stk-block-heading--v2 stk-block stk-7e13b3a\" id=\"psy-koty-zlote-rybki\" data-block-id=\"7e13b3a\"><style>.stk-7e13b3a .stk-block-heading__text{font-size:24px !important;color:#1a1a1a !important;font-weight:400 !important;font-family:\"Raleway\", Sans-serif !important;}@media screen and (max-width:999px){.stk-7e13b3a .stk-block-heading__text{font-size:24px !important;}}<\/style><h2 class=\"stk-block-heading__text has-text-color\">Psy, koty, z\u0142ote rybki<\/h2><\/div>\n<\/div><\/div><\/div>\n\n\n\n<div class=\"wp-block-stackable-column stk-block-column stk-column stk-block stk-bfe9ed4\" data-v=\"4\" data-block-id=\"bfe9ed4\"><div class=\"stk-column-wrapper stk-block-column__content stk-container stk-bfe9ed4-container stk--no-background stk--no-padding\"><div class=\"stk-block-content stk-inner-blocks stk-bfe9ed4-inner-blocks\">\n<div class=\"wp-block-stackable-subtitle stk-block-subtitle stk-block stk-a9acf20\" data-block-id=\"a9acf20\"><style>.stk-a9acf20 {margin-bottom:0px !important;}.stk-a9acf20 .stk-block-subtitle__text{font-size:16px !important;color:#919191 !important;font-family:\"Inter\", Sans-serif !important;}@media screen and (max-width:999px){.stk-a9acf20 .stk-block-subtitle__text{font-size:16px !important;}}<\/style><p class=\"stk-block-subtitle__text stk-subtitle has-text-color\">Zakres<\/p><\/div>\n\n\n\n<div class=\"wp-block-stackable-heading stk-block-heading stk-block-heading--v2 stk-block stk-e2f62b4\" id=\"ustalenie-potrzeb\" data-block-id=\"e2f62b4\"><style>.stk-e2f62b4 .stk-block-heading__text{font-size:24px !important;color:#1a1a1a !important;font-weight:400 !important;font-family:\"Raleway\", Sans-serif !important;}@media screen and (max-width:999px){.stk-e2f62b4 .stk-block-heading__text{font-size:24px !important;}}<\/style><h2 class=\"stk-block-heading__text has-text-color\">Ustalenie potrzeb<\/h2><\/div>\n<\/div><\/div><\/div>\n\n\n\n<div class=\"wp-block-stackable-column stk-block-column stk-column stk-block stk-dc60c94\" data-v=\"4\" data-block-id=\"dc60c94\"><div class=\"stk-column-wrapper stk-block-column__content stk-container stk-dc60c94-container stk--no-background stk--no-padding\"><div class=\"stk-block-content stk-inner-blocks stk-dc60c94-inner-blocks\">\n<div class=\"wp-block-stackable-subtitle stk-block-subtitle stk-block stk-3f1c07b\" data-block-id=\"3f1c07b\"><style>.stk-3f1c07b {margin-bottom:0px !important;}.stk-3f1c07b .stk-block-subtitle__text{font-size:16px !important;color:#919191 !important;font-family:\"Inter\", Sans-serif !important;}@media screen and (max-width:999px){.stk-3f1c07b .stk-block-subtitle__text{font-size:16px !important;}}<\/style><p class=\"stk-block-subtitle__text stk-subtitle has-text-color\">Forma<\/p><\/div>\n\n\n\n<div class=\"wp-block-stackable-heading stk-block-heading stk-block-heading--v2 stk-block stk-4e7248f\" id=\"zdalna-na-miejscu\" data-block-id=\"4e7248f\"><style>.stk-4e7248f .stk-block-heading__text{font-size:24px !important;color:#1a1a1a !important;font-weight:400 !important;font-family:\"Raleway\", Sans-serif !important;}@media screen and (max-width:999px){.stk-4e7248f .stk-block-heading__text{font-size:24px !important;}}<\/style><h2 class=\"stk-block-heading__text has-text-color\">Zdalna \/ na miejscu<\/h2><\/div>\n<\/div><\/div><\/div>\n<\/div><\/div>\n\n\n\n<div class=\"wp-block-stackable-divider stk-block-divider stk-block stk-310fa82\" data-block-id=\"310fa82\"><style>.stk-310fa82 hr.stk-block-divider__hr{background:#b9b9b9 !important;width:100% !important;}.stk-310fa82 {margin-top:0px !important;margin-bottom:24px !important;}<\/style><hr class=\"stk-block-divider__hr\"\/><\/div>\n\n\n\n<div class=\"wp-block-stackable-text stk-block-text stk-block stk-ac756ed\" data-block-id=\"ac756ed\"><style>.stk-ac756ed .stk-block-text__text{color:#111111 !important;}<\/style><p class=\"stk-block-text__text has-text-color has-stk-global-color-78455-color\">Lorem ipsum dolor sit amet, consectetur adipiscing elit. Quis feugiat pharetra quis imperdiet cursus tristique tincidunt non vitae. <\/p><\/div>\n\n\n\n<div class=\"wp-block-stackable-price stk-block-price stk-block stk-8b94c46\" data-block-id=\"8b94c46\">\n<span class=\"wp-block-stackable-text stk-block-text stk-block stk-4f41593 stk-block-price__price\" data-block-id=\"4f41593\"><style>.stk-4f41593 .stk-block-text__text{font-size:80px !important;color:#1a1a1a !important;font-weight:700 !important;font-family:\"Raleway\", Sans-serif !important;}@media screen and (max-width:999px){.stk-4f41593 .stk-block-text__text{font-size:50px !important;}}<\/style><span class=\"stk-block-text__text has-text-color\">100.000<\/span><\/span>\n\n\n\n<span class=\"wp-block-stackable-text stk-block-text stk-block stk-35ef9d5\" data-block-id=\"35ef9d5\"><style>.stk-35ef9d5 .stk-block-text__text{font-size:32px !important;color:#1a1a1a !important;font-weight:700 !important;font-family:\"Raleway\", Sans-serif !important;}@media screen and (max-width:999px){.stk-35ef9d5 .stk-block-text__text{font-size:32px !important;}}<\/style><span class=\"stk-block-text__text has-text-color\">.20<\/span><\/span>\n\n\n\n<span class=\"wp-block-stackable-text stk-block-text stk-block stk-f69151f\" data-block-id=\"f69151f\"><style>.stk-f69151f .stk-block-text__text{color:#1a1a1a !important;font-weight:700 !important;font-family:\"Raleway\", Sans-serif !important;}<\/style><span class=\"stk-block-text__text has-text-color\">z\u0142<\/span><\/span>\n<\/div>\n\n\n\n<div class=\"wp-block-stackable-subtitle stk-block-subtitle stk-block stk-f726f18\" data-block-id=\"f726f18\"><style>.stk-f726f18 .stk-block-subtitle__text{font-size:16px !important;color:#1a1a1a !important;font-family:\"Inter\", Sans-serif !important;}@media screen and (max-width:999px){.stk-f726f18 .stk-block-subtitle__text{font-size:16px !important;}}<\/style><p class=\"stk-block-subtitle__text stk-subtitle has-text-color\"><\/p><\/div>\n\n\n\n<div class=\"wp-block-stackable-spacer stk-block-spacer stk--no-padding stk-block stk-a22c61c\" data-block-id=\"a22c61c\"><style>.stk-a22c61c {height:24px !important;}<\/style><\/div>\n\n\n\n<div class=\"wp-block-stackable-button-group stk-block-button-group stk-block stk-f361e31\" data-block-id=\"f361e31\"><div class=\"stk-row stk-inner-blocks stk-block-content stk-button-group\">\n<div class=\"wp-block-stackable-button stk-block-button stk-block stk-9dca791\" data-block-id=\"9dca791\"><style>.stk-9dca791 .stk-button{background:#ed5521 !important;}.stk-9dca791 .stk-button__inner-text{font-size:18px !important;color:var(--stk-global-color-58834, #ffffff) !important;font-family:\"Inter\", Sans-serif !important;}@media screen and (max-width:999px){.stk-9dca791 .stk-button__inner-text{font-size:18px !important;}}<\/style><a class=\"stk-link stk-button stk--hover-effect-darken\" href=\"\"><span class=\"has-text-color has-stk-global-color-58834-color stk-button__inner-text\">Um\u00f3w wizyt\u0119<\/span><\/a><\/div>\n<\/div><\/div>\n<\/div><\/div><\/div>\n\n\n\n<div class=\"wp-block-stackable-column stk-block-column stk-column stk-block stk-6425171 stk-block-background stk--has-background-overlay\" data-v=\"4\" data-block-id=\"6425171\"><style>.stk-6425171 {align-self:stretch !important;background-image:url(https:\/\/zoodietetyczka.vh10675.vh.net.pl\/wp-content\/uploads\/2025\/04\/dog-food.jpg) !important;}<\/style><div class=\"stk-column-wrapper stk-block-column__content stk-container stk-6425171-container stk--no-background stk--no-padding\"><div class=\"stk-block-content stk-inner-blocks stk-6425171-inner-blocks\"><\/div><\/div><\/div>\n<\/div><\/div>\n\n\n\n<div class=\"wp-block-stackable-heading stk-block-heading stk-block-heading--v2 stk-block stk-10072d5\" id=\"zarezerwuj-termin\" data-block-id=\"10072d5\"><style>.stk-10072d5 .stk-block-heading__text{font-size:56px !important;color:#1a1a1a !important;font-weight:800 !important;font-family:\"Raleway\", Sans-serif !important;}@media screen and (max-width:999px){.stk-10072d5 .stk-block-heading__text{font-size:50px !important;}}<\/style><h2 class=\"stk-block-heading__text has-text-color\">Zarezerwuj termin<\/h2><\/div>\n\n\n\n<script>\n  if (typeof hasAmeliaEntitiesApiCall === 'undefined' && ('' === '' && '' !== '1')) {\n    var hasAmeliaEntitiesApiCall = true;\n  }\n  var ameliaShortcodeData = (typeof ameliaShortcodeData === 'undefined') ? [] : ameliaShortcodeData;\n  ameliaShortcodeData.push(\n    {\n      'hasApiCall': (typeof hasAmeliaEntitiesApiCall !== 'undefined') && hasAmeliaEntitiesApiCall,\n      'trigger': '',\n      'trigger_type': '',\n      'triggered_form': 'sbsNew',\n      'in_dialog': '',\n      'show': '',\n      'counter': '1000',\n      'category': '',\n      'service': '',\n      'employee': '',\n      'location': '',\n      'package': '',\n      'layout': '',\n    }\n  );\n\n  var ameliaShortcodeDataTriggered = (typeof ameliaShortcodeDataTriggered === 'undefined') ? [] : ameliaShortcodeDataTriggered;\n  if (ameliaShortcodeData[ameliaShortcodeData.length - 1].trigger !== '') {\n    if (ameliaShortcodeDataTriggered.filter(a => a.counter === ameliaShortcodeData[ameliaShortcodeData.length - 1].counter).length === 0) {\n      ameliaShortcodeDataTriggered.push(ameliaShortcodeData.pop());\n    } else {\n      ameliaShortcodeData.pop()\n    }\n  }\n  if (typeof hasAmeliaEntitiesApiCall !== 'undefined' && hasAmeliaEntitiesApiCall) {\n    hasAmeliaEntitiesApiCall = false;\n  }\n<\/script>\n\n<div\n  id=\"amelia-v2-booking-1000\"\n  class=\"amelia-v2-booking\"\n >\n    <step-form-wrapper><\/step-form-wrapper><\/div>\n","protected":false},"excerpt":{"rendered":"<p>#1 BEST SELLER Wywiad dietetyczny Zwierz\u0119ta Psy, koty, z\u0142ote rybki Zakres Ustalenie potrzeb Forma Zdalna \/ na miejscu Lorem ipsum dolor sit amet, consectetur adipiscing elit. Quis feugiat pharetra quis imperdiet cursus tristique tincidunt non vitae. 100.000 .20 z\u0142 Um\u00f3w wizyt\u0119 Zarezerwuj termin<\/p>\n","protected":false},"author":1,"featured_media":0,"parent":0,"menu_order":0,"comment_status":"closed","ping_status":"closed","template":"","meta":{"footnotes":""},"class_list":["post-6","page","type-page","status-publish","hentry"],"blocksy_meta":[],"_links":{"self":[{"href":"https:\/\/zoodietetyczka.vh10675.vh.net.pl\/index.php\/wp-json\/wp\/v2\/pages\/6","targetHints":{"allow":["GET"]}}],"collection":[{"href":"https:\/\/zoodietetyczka.vh10675.vh.net.pl\/index.php\/wp-json\/wp\/v2\/pages"}],"about":[{"href":"https:\/\/zoodietetyczka.vh10675.vh.net.pl\/index.php\/wp-json\/wp\/v2\/types\/page"}],"author":[{"embeddable":true,"href":"https:\/\/zoodietetyczka.vh10675.vh.net.pl\/index.php\/wp-json\/wp\/v2\/users\/1"}],"replies":[{"embeddable":true,"href":"https:\/\/zoodietetyczka.vh10675.vh.net.pl\/index.php\/wp-json\/wp\/v2\/comments?post=6"}],"version-history":[{"count":12,"href":"https:\/\/zoodietetyczka.vh10675.vh.net.pl\/index.php\/wp-json\/wp\/v2\/pages\/6\/revisions"}],"predecessor-version":[{"id":25,"href":"https:\/\/zoodietetyczka.vh10675.vh.net.pl\/index.php\/wp-json\/wp\/v2\/pages\/6\/revisions\/25"}],"wp:attachment":[{"href":"https:\/\/zoodietetyczka.vh10675.vh.net.pl\/index.php\/wp-json\/wp\/v2\/media?parent=6"}],"curies":[{"name":"wp","href":"https:\/\/api.w.org\/{rel}","templated":true}]}}